{"id":291,"date":"2020-12-21T12:03:22","date_gmt":"2020-12-21T11:03:22","guid":{"rendered":"http:\/\/amelys.com\/?post_type=product&#038;p=291"},"modified":"2021-01-29T11:12:03","modified_gmt":"2021-01-29T10:12:03","slug":"catemail","status":"publish","type":"product","link":"http:\/\/amelys.com\/uk\/produit\/catemail\/","title":{"rendered":"catemail"},"content":{"rendered":"<p>Outils complet pour <strong>g\u00e9rer<\/strong>, <strong>optimiser<\/strong> et <strong>s\u00e9curiser<\/strong> vos bases <strong>emails<\/strong> et les donn\u00e9es associ\u00e9es.<\/p>\n<p><strong>Importer<\/strong> vos fichiers CSV, XML, SQL, JSON, XLS dans votre base email avec mise \u00e0 jour des importations.<\/p>\n<p><strong>Filtrez<\/strong> votre base selon vos pr\u00e9f\u00e9rences, d\u00e9tecter les spam-trap, emails \u00e0 risque, domaines disposal, n&#8217;ayant pas de serveur MX ou qui ne sont plus en service.<\/p>\n<p><strong>Exportez<\/strong> vos bases selon vos r\u00e8gles de filtrage.<\/p>\n<p><a href=\"http:\/\/amelys.com\/catalogue-email-lp\/\">D\u00e9couvrez la pr\u00e9sentation compl\u00e8te ici<\/a><\/p>\n","protected":false},"excerpt":{"rendered":"<p>Outils complet pour g\u00e9rer, optimiser et s\u00e9curiser vos bases emails et les donn\u00e9es associ\u00e9es. Importer vos fichiers CSV, XML, SQL, JSON, XLS dans votre base email avec mise \u00e0 jour des importations. Filtrez votre base selon vos pr\u00e9f\u00e9rences, d\u00e9tecter les spam-trap, emails \u00e0 risque, domaines disposal, n&#8217;ayant pas de serveur MX ou qui ne sont [&hellip;]<\/p>\n","protected":false},"featured_media":0,"template":"","meta":[],"product_brand":[],"product_cat":[55],"product_tag":[],"class_list":{"0":"post-291","1":"product","2":"type-product","3":"status-publish","5":"product_cat-applications","7":"first","8":"instock","9":"virtual","10":"taxable","11":"purchasable","12":"product-type-subscription"},"jetpack_sharing_enabled":true,"_links":{"self":[{"href":"http:\/\/amelys.com\/uk\/wp-json\/wp\/v2\/product\/291","targetHints":{"allow":["GET"]}}],"collection":[{"href":"http:\/\/amelys.com\/uk\/wp-json\/wp\/v2\/product"}],"about":[{"href":"http:\/\/amelys.com\/uk\/wp-json\/wp\/v2\/types\/product"}],"wp:attachment":[{"href":"http:\/\/amelys.com\/uk\/wp-json\/wp\/v2\/media?parent=291"}],"wp:term":[{"taxonomy":"product_brand","embeddable":true,"href":"http:\/\/amelys.com\/uk\/wp-json\/wp\/v2\/product_brand?post=291"},{"taxonomy":"product_cat","embeddable":true,"href":"http:\/\/amelys.com\/uk\/wp-json\/wp\/v2\/product_cat?post=291"},{"taxonomy":"product_tag","embeddable":true,"href":"http:\/\/amelys.com\/uk\/wp-json\/wp\/v2\/product_tag?post=291"}],"curies":[{"name":"wp","href":"https:\/\/api.w.org\/{rel}","templated":true}]}}